{"id":556,"date":"2025-12-29T13:37:24","date_gmt":"2025-12-29T12:37:24","guid":{"rendered":"https:\/\/ceska-stopa.eu\/cs\/?page_id=556"},"modified":"2026-01-09T09:27:21","modified_gmt":"2026-01-09T08:27:21","slug":"partneri","status":"publish","type":"page","link":"https:\/\/ceska-stopa.eu\/en\/partneri\/","title":{"rendered":"Partne\u0159i"},"content":{"rendered":"\n<div id=\"wp-block-themeisle-blocks-advanced-columns-678cc482\" class=\"wp-block-themeisle-blocks-advanced-columns alignfull has-1-columns has-desktop-equal-layout has-tablet-equal-layout has-mobile-collapsedRows-layout has-reverse-columns-mobile has-vertical-bottom ticss-c00aadba\"><div class=\"wp-block-themeisle-blocks-advanced-columns-overlay\"><\/div><div class=\"innerblocks-wrap\">\n<div id=\"wp-block-themeisle-blocks-advanced-column-4d412c51\" class=\"wp-block-themeisle-blocks-advanced-column\">\n<h2 id=\"wp-block-themeisle-blocks-advanced-heading-fb3c7a39\" class=\"wp-block-themeisle-blocks-advanced-heading wp-block-themeisle-blocks-advanced-heading-fb3c7a39\"><strong>D\u011bkujeme za spolupr\u00e1ci<\/strong><\/h2>\n\n\n\n<p class=\"has-text-align-center has-text-color\" style=\"color:#fefefe\">Na\u0161e pomoc se zam\u011b\u0159uje na pomoc lidem, ale i zv\u00ed\u0159at\u016fm. Proto n\u00e1\u0161 spolek spolupracuje s r\u016fzn\u00fdmi organizacemi, kter\u00e9 nap\u0159\u00edklad dod\u00e1vaj\u00ed krmivo a\u0165 u\u017e do \u00fatulku nebo opu\u0161t\u011bn\u00fdm zv\u00ed\u0159at\u016fm, kter\u00e1 \u017eij\u00ed na ulic\u00edch a lid\u00e9 se o n\u011b staraj\u00ed.<br>S dod\u00e1vkami pro arm\u00e1du n\u00e1m n\u011bkolikr\u00e1t pomohl D\u00e1rek pro Putina. V sou\u010dasn\u00e9 dob\u011b jsme nav\u00e1zali spolupr\u00e1ci s Aloisem Zwesperem.<\/p>\n\n\n\n<div class=\"wp-block-buttons is-content-justification-center is-layout-flex wp-container-core-buttons-is-layout-16018d1d wp-block-buttons-is-layout-flex\">\n<div class=\"wp-block-button is-style-primary\"><a class=\"wp-block-button__link wp-element-button\" href=\"https:\/\/donio.cz\/ceskastopaprofil\">Aktivn\u00ed sb\u00edrky na Donio<\/a><\/div>\n<\/div>\n<\/div>\n<\/div><\/div>\n\n\n\n<div id=\"wp-block-themeisle-blocks-advanced-columns-d87d87fb\" class=\"wp-block-themeisle-blocks-advanced-columns alignfull has-1-columns has-desktop-equal-layout has-tablet-equal-layout has-mobile-collapsedRows-layout has-vertical-center ticss-c00aadba\"><div class=\"wp-block-themeisle-blocks-advanced-columns-overlay\"><\/div><div class=\"innerblocks-wrap\">\n<div id=\"wp-block-themeisle-blocks-advanced-column-60dad16e\" class=\"wp-block-themeisle-blocks-advanced-column\">\n<div id=\"wp-block-themeisle-blocks-advanced-columns-be71e345\" class=\"wp-block-themeisle-blocks-advanced-columns has-3-columns has-desktop-equal-layout has-tablet-twoColumnGrid-layout has-mobile-collapsedRows-layout has-vertical-top\"><div class=\"wp-block-themeisle-blocks-advanced-columns-overlay\"><\/div><div class=\"innerblocks-wrap\">\n<div id=\"wp-block-themeisle-blocks-advanced-column-e373838a\" class=\"wp-block-themeisle-blocks-advanced-column\"><div class=\"wp-block-image is-style-default\">\n<figure class=\"aligncenter size-full is-resized\"><img loading=\"lazy\" decoding=\"async\" width=\"600\" height=\"513\" src=\"https:\/\/ceska-stopa.eu\/wp-content\/uploads\/2025\/12\/Ceska-stopa-logo-Darek_pro_Putina_logo.webp\" alt=\"\" class=\"wp-image-752\" style=\"aspect-ratio:0.9972537313432835;object-fit:cover;width:140px\" srcset=\"https:\/\/ceska-stopa.eu\/wp-content\/uploads\/2025\/12\/Ceska-stopa-logo-Darek_pro_Putina_logo.webp 600w, https:\/\/ceska-stopa.eu\/wp-content\/uploads\/2025\/12\/Ceska-stopa-logo-Darek_pro_Putina_logo-300x257.webp 300w\" sizes=\"auto, (max-width: 600px) 100vw, 600px\" \/><\/figure>\n<\/div>\n\n\n<h5 id=\"wp-block-themeisle-blocks-advanced-heading-a0f377e3\" class=\"wp-block-themeisle-blocks-advanced-heading wp-block-themeisle-blocks-advanced-heading-a0f377e3\"><strong>D\u00e1rek pro Putina<\/strong><\/h5>\n\n\n\n\n\n<p class=\"has-text-align-left\">Projekt Zbran\u011b pro Ukrajinu, asi nen\u00ed t\u0159eba p\u0159edstavovat. \u00dasp\u011b\u0161n\u00e1 parta, kter\u00e1 se od po\u010d\u00e1tku v\u00e1lky sna\u017e\u00ed v\u0161emi prost\u0159edky pomoci voj\u00e1k\u016fm na ukrajinsk\u00e9 front\u011b.<\/p>\n<\/div>\n\n\n\n<div id=\"wp-block-themeisle-blocks-advanced-column-956fcf84\" class=\"wp-block-themeisle-blocks-advanced-column\"><div class=\"wp-block-image is-style-default\">\n<figure class=\"aligncenter size-full is-resized\"><img loading=\"lazy\" decoding=\"async\" width=\"510\" height=\"510\" src=\"https:\/\/ceska-stopa.eu\/wp-content\/uploads\/2025\/12\/Ceska-stopa-logo-Koridor-UA-kopie.png\" alt=\"\" class=\"wp-image-745\" style=\"object-fit:cover;width:140px;height:140px\" srcset=\"https:\/\/ceska-stopa.eu\/wp-content\/uploads\/2025\/12\/Ceska-stopa-logo-Koridor-UA-kopie.png 510w, https:\/\/ceska-stopa.eu\/wp-content\/uploads\/2025\/12\/Ceska-stopa-logo-Koridor-UA-kopie-300x300.png 300w, https:\/\/ceska-stopa.eu\/wp-content\/uploads\/2025\/12\/Ceska-stopa-logo-Koridor-UA-kopie-150x150.png 150w\" sizes=\"auto, (max-width: 510px) 100vw, 510px\" \/><\/figure>\n<\/div>\n\n\n<h5 id=\"wp-block-themeisle-blocks-advanced-heading-16fc6df3\" class=\"wp-block-themeisle-blocks-advanced-heading wp-block-themeisle-blocks-advanced-heading-16fc6df3\"><strong>Koridor UA<\/strong><\/h5>\n\n\n\n<p class=\"has-text-align-left\">Borci, charitativn\u00ed spolek kter\u00fd se zam\u011b\u0159uje na dopravu. Doru\u010d\u00ed cokoliv a kdykoliv na Ukrajinu, nezlomn\u00ed a nezdoln\u00ed, n\u011bkdy m\u00e1me pocit, \u017ee z auta ani nevystupuj\u00ed.<\/p>\n<\/div>\n\n\n\n<div id=\"wp-block-themeisle-blocks-advanced-column-7e32a82b\" class=\"wp-block-themeisle-blocks-advanced-column\"><div class=\"wp-block-image is-style-rounded\">\n<figure class=\"aligncenter size-full is-resized\"><img loading=\"lazy\" decoding=\"async\" width=\"900\" height=\"900\" src=\"https:\/\/ceska-stopa.eu\/wp-content\/uploads\/2025\/12\/Ceska-stopa-logo-Forum24_2.jpg\" alt=\"\" class=\"wp-image-747\" style=\"object-fit:cover;width:140px;height:140px\" srcset=\"https:\/\/ceska-stopa.eu\/wp-content\/uploads\/2025\/12\/Ceska-stopa-logo-Forum24_2.jpg 900w, https:\/\/ceska-stopa.eu\/wp-content\/uploads\/2025\/12\/Ceska-stopa-logo-Forum24_2-300x300.jpg 300w, https:\/\/ceska-stopa.eu\/wp-content\/uploads\/2025\/12\/Ceska-stopa-logo-Forum24_2-150x150.jpg 150w, https:\/\/ceska-stopa.eu\/wp-content\/uploads\/2025\/12\/Ceska-stopa-logo-Forum24_2-768x768.jpg 768w\" sizes=\"auto, (max-width: 900px) 100vw, 900px\" \/><\/figure>\n<\/div>\n\n\n<h5 id=\"wp-block-themeisle-blocks-advanced-heading-5cdd08a0\" class=\"wp-block-themeisle-blocks-advanced-heading wp-block-themeisle-blocks-advanced-heading-5cdd08a0\"><strong>Forum 24<\/strong><\/h5>\n\n\n\n<p class=\"has-text-align-left\">N\u00e1\u0161 obl\u00edben\u00fd medi\u00e1ln\u00ed partner, kter\u00fd n\u00e1m velmi pom\u00e1h\u00e1 informovat ve\u0159ejnost. Nav\u00edc je to d\u016fv\u011bryhodn\u00fd port\u00e1l, kde se d\u00e1 naj\u00edt mnoho zaj\u00edmav\u00fdch informac\u00ed.<\/p>\n<\/div>\n<\/div><\/div>\n\n\n\n<div id=\"wp-block-themeisle-blocks-advanced-columns-1102f850\" class=\"wp-block-themeisle-blocks-advanced-columns has-3-columns has-desktop-equal-layout has-tablet-twoColumnGrid-layout has-mobile-collapsedRows-layout has-vertical-top\"><div class=\"wp-block-themeisle-blocks-advanced-columns-overlay\"><\/div><div class=\"innerblocks-wrap\">\n<div id=\"wp-block-themeisle-blocks-advanced-column-85d96955\" class=\"wp-block-themeisle-blocks-advanced-column\"><div class=\"wp-block-image is-style-default\">\n<figure class=\"aligncenter size-full is-resized\"><img loading=\"lazy\" decoding=\"async\" width=\"286\" height=\"130\" src=\"https:\/\/ceska-stopa.eu\/wp-content\/uploads\/2025\/12\/Ceska-stopa-logo-donio-2.png\" alt=\"\" class=\"wp-image-754\" style=\"aspect-ratio:16\/9;object-fit:cover;width:auto;height:140px\"\/><\/figure>\n<\/div>\n\n\n<h5 id=\"wp-block-themeisle-blocks-advanced-heading-3e548274\" class=\"wp-block-themeisle-blocks-advanced-heading wp-block-themeisle-blocks-advanced-heading-3e548274\"><strong>Donio<\/strong><\/h5>\n\n\n\n\n\n<p class=\"has-text-align-left\">Crowdfundingov\u00e1 platforma, kter\u00e1 umo\u017e\u0148uje zalo\u017eit sb\u00edrku pro dobro\u010dinn\u00e9 \u00fa\u010dely, p\u0159i\u010dem\u017e 100 % vybran\u00e9 \u010d\u00e1stky jde na \u00fa\u010del sb\u00edrky<\/p>\n<\/div>\n\n\n\n<div id=\"wp-block-themeisle-blocks-advanced-column-2274f2b8\" class=\"wp-block-themeisle-blocks-advanced-column\"><div class=\"wp-block-image is-style-rounded\">\n<figure class=\"aligncenter size-full is-resized\"><img loading=\"lazy\" decoding=\"async\" width=\"650\" height=\"650\" src=\"https:\/\/ceska-stopa.eu\/wp-content\/uploads\/2025\/12\/Ceska-stopa-logo-krtek_belorusove_logo.png\" alt=\"\" class=\"wp-image-749\" style=\"object-fit:cover;width:140px;height:140px\" srcset=\"https:\/\/ceska-stopa.eu\/wp-content\/uploads\/2025\/12\/Ceska-stopa-logo-krtek_belorusove_logo.png 650w, https:\/\/ceska-stopa.eu\/wp-content\/uploads\/2025\/12\/Ceska-stopa-logo-krtek_belorusove_logo-300x300.png 300w, https:\/\/ceska-stopa.eu\/wp-content\/uploads\/2025\/12\/Ceska-stopa-logo-krtek_belorusove_logo-150x150.png 150w\" sizes=\"auto, (max-width: 650px) 100vw, 650px\" \/><\/figure>\n<\/div>\n\n\n<h5 id=\"wp-block-themeisle-blocks-advanced-heading-52445f48\" class=\"wp-block-themeisle-blocks-advanced-heading wp-block-themeisle-blocks-advanced-heading-52445f48\"><em><strong>Prague Support Team<\/strong><\/em><\/h5>\n\n\n\n<p class=\"has-text-align-left\">T\u00fdm B\u011blorus\u016f, kte\u0159\u00ed \u017eij\u00ed dlouhodob\u011b v \u010cR a jsou n\u00e1m velkou oporou p\u0159i dod\u00e1vk\u00e1ch na Ukrajinu. Z\u00e1sobuj\u00ed spoluob\u010dany, kte\u0159\u00ed bojuj\u00ed na Ukrajin\u011b.<\/p>\n<\/div>\n\n\n\n<div id=\"wp-block-themeisle-blocks-advanced-column-9fadbfb0\" class=\"wp-block-themeisle-blocks-advanced-column\"><div class=\"wp-block-image is-style-default\">\n<figure class=\"aligncenter size-full is-resized\"><img loading=\"lazy\" decoding=\"async\" width=\"560\" height=\"300\" src=\"https:\/\/ceska-stopa.eu\/wp-content\/uploads\/2026\/01\/Prusa_Researche-logo.webp\" alt=\"\" class=\"wp-image-1149\" style=\"width:auto;height:140px\" srcset=\"https:\/\/ceska-stopa.eu\/wp-content\/uploads\/2026\/01\/Prusa_Researche-logo.webp 560w, https:\/\/ceska-stopa.eu\/wp-content\/uploads\/2026\/01\/Prusa_Researche-logo-300x161.webp 300w\" sizes=\"auto, (max-width: 560px) 100vw, 560px\" \/><\/figure>\n<\/div>\n\n\n<h5 id=\"wp-block-themeisle-blocks-advanced-heading-096d3278\" class=\"wp-block-themeisle-blocks-advanced-heading wp-block-themeisle-blocks-advanced-heading-096d3278\"><em><strong>Prusa Research<\/strong><\/em><\/h5>\n\n\n\n<p class=\"has-text-align-left\">Sv\u011btov\u00fd l\u00eddr v oblasti 3D tisku &#8211; vlastn\u00ed v\u00fdvoj a v\u00fdroba spolehliv\u00fdch open-source 3D tisk\u00e1ren.<\/p>\n<\/div>\n<\/div><\/div>\n\n\n\n<div id=\"wp-block-themeisle-blocks-advanced-columns-8611fd8d\" class=\"wp-block-themeisle-blocks-advanced-columns has-4-columns has-desktop-equal-layout has-tablet-twoColumnGrid-layout has-mobile-collapsedRows-layout has-vertical-top\"><div class=\"wp-block-themeisle-blocks-advanced-columns-overlay\"><\/div><div class=\"innerblocks-wrap\">\n<div id=\"wp-block-themeisle-blocks-advanced-column-61acf8b7\" class=\"wp-block-themeisle-blocks-advanced-column\"><div class=\"wp-block-image is-style-default\">\n<figure class=\"aligncenter size-full is-resized\"><img loading=\"lazy\" decoding=\"async\" width=\"200\" height=\"200\" src=\"https:\/\/ceska-stopa.eu\/wp-content\/uploads\/2026\/01\/Ceska_stopa_victoria_hand_project_logo.jpeg\" alt=\"\" class=\"wp-image-1148\" style=\"width:auto;height:140px\" srcset=\"https:\/\/ceska-stopa.eu\/wp-content\/uploads\/2026\/01\/Ceska_stopa_victoria_hand_project_logo.jpeg 200w, https:\/\/ceska-stopa.eu\/wp-content\/uploads\/2026\/01\/Ceska_stopa_victoria_hand_project_logo-150x150.jpeg 150w\" sizes=\"auto, (max-width: 200px) 100vw, 200px\" \/><\/figure>\n<\/div>\n\n\n<h5 id=\"wp-block-themeisle-blocks-advanced-heading-c397585a\" class=\"wp-block-themeisle-blocks-advanced-heading wp-block-themeisle-blocks-advanced-heading-c397585a\"><em><strong><strong>Victoria Hand Project<\/strong><\/strong><\/em><\/h5>\n\n\n\n<p class=\"has-text-align-left\">VHP umo\u017e\u0148uje protetick\u00fdm klinik\u00e1m vyr\u00e1b\u011bt funk\u010dn\u00ed 3D ti\u0161t\u011bn\u00e9 prot\u00e9zy \u2013 poskytuje vybaven\u00ed a \u0161kolen\u00ed.<\/p>\n<\/div>\n\n\n\n<div id=\"wp-block-themeisle-blocks-advanced-column-095451fa\" class=\"wp-block-themeisle-blocks-advanced-column\"><div class=\"wp-block-image is-style-rounded\">\n<figure class=\"aligncenter size-full is-resized\"><img loading=\"lazy\" decoding=\"async\" width=\"170\" height=\"170\" src=\"https:\/\/ceska-stopa.eu\/wp-content\/uploads\/2025\/12\/Ceska-stopa-logo-Milata-podklad.png\" alt=\"\" class=\"wp-image-743\" style=\"object-fit:cover;width:140px;height:140px\" srcset=\"https:\/\/ceska-stopa.eu\/wp-content\/uploads\/2025\/12\/Ceska-stopa-logo-Milata-podklad.png 170w, https:\/\/ceska-stopa.eu\/wp-content\/uploads\/2025\/12\/Ceska-stopa-logo-Milata-podklad-150x150.png 150w\" sizes=\"auto, (max-width: 170px) 100vw, 170px\" \/><\/figure>\n<\/div>\n\n\n<h5 id=\"wp-block-themeisle-blocks-advanced-heading-570c3338\" class=\"wp-block-themeisle-blocks-advanced-heading wp-block-themeisle-blocks-advanced-heading-570c3338\"><em><strong>Vrakovi\u0161t\u011b MILATA<\/strong><\/em><\/h5>\n\n\n\n<p class=\"has-text-align-left\">Spolupracujeme s centr\u00e1ln\u00edm vrakovi\u0161t\u011bm MILATA, kter\u00fd je v\u00fdkupce a zpracovatel autovrak\u016f.<\/p>\n<\/div>\n\n\n\n<div id=\"wp-block-themeisle-blocks-advanced-column-2540288c\" class=\"wp-block-themeisle-blocks-advanced-column\"><div class=\"wp-block-image is-style-rounded\">\n<figure class=\"aligncenter size-full is-resized\"><img loading=\"lazy\" decoding=\"async\" width=\"454\" height=\"454\" src=\"https:\/\/ceska-stopa.eu\/wp-content\/uploads\/2025\/12\/Ceska-stopa-logo-Adam_logo.png\" alt=\"\" class=\"wp-image-750\" style=\"object-fit:cover;width:140px;height:140px\" srcset=\"https:\/\/ceska-stopa.eu\/wp-content\/uploads\/2025\/12\/Ceska-stopa-logo-Adam_logo.png 454w, https:\/\/ceska-stopa.eu\/wp-content\/uploads\/2025\/12\/Ceska-stopa-logo-Adam_logo-300x300.png 300w, https:\/\/ceska-stopa.eu\/wp-content\/uploads\/2025\/12\/Ceska-stopa-logo-Adam_logo-150x150.png 150w\" sizes=\"auto, (max-width: 454px) 100vw, 454px\" \/><\/figure>\n<\/div>\n\n\n<h5 id=\"wp-block-themeisle-blocks-advanced-heading-18c9fb79\" class=\"wp-block-themeisle-blocks-advanced-heading wp-block-themeisle-blocks-advanced-heading-18c9fb79\"><strong>Team Adam<\/strong><\/h5>\n\n\n\n<p class=\"has-text-align-left\">\u00da\u017easn\u00e1 parta srdca\u0159\u016f a vlastenc\u016f, se kter\u00fdmi si pom\u00e1h\u00e1me a navz\u00e1jem se podporujeme ve sb\u00edrk\u00e1ch.<\/p>\n<\/div>\n\n\n\n<div id=\"wp-block-themeisle-blocks-advanced-column-0db99e6d\" class=\"wp-block-themeisle-blocks-advanced-column\"><div class=\"wp-block-image is-style-rounded\">\n<figure class=\"aligncenter size-full is-resized\"><img loading=\"lazy\" decoding=\"async\" width=\"512\" height=\"512\" src=\"https:\/\/ceska-stopa.eu\/wp-content\/uploads\/2025\/12\/Ceska_stopa_valka.online.png\" alt=\"\" class=\"wp-image-759\" style=\"object-fit:cover;width:140px;height:140px\" srcset=\"https:\/\/ceska-stopa.eu\/wp-content\/uploads\/2025\/12\/Ceska_stopa_valka.online.png 512w, https:\/\/ceska-stopa.eu\/wp-content\/uploads\/2025\/12\/Ceska_stopa_valka.online-300x300.png 300w, https:\/\/ceska-stopa.eu\/wp-content\/uploads\/2025\/12\/Ceska_stopa_valka.online-150x150.png 150w\" sizes=\"auto, (max-width: 512px) 100vw, 512px\" \/><\/figure>\n<\/div>\n\n\n<h5 id=\"wp-block-themeisle-blocks-advanced-heading-c622c0dc\" class=\"wp-block-themeisle-blocks-advanced-heading wp-block-themeisle-blocks-advanced-heading-c622c0dc\"><strong>Valka.Online<\/strong><\/h5>\n\n\n\n<p class=\"has-text-align-left\">Port\u00e1l, kter\u00fd monitoruje situaci na boji\u0161ti a to nejen na tom ukrajinsk\u00e9m, ale nap\u0159\u00edklad i na Bl\u00edzk\u00e9m V\u00fdchod\u011b.<\/p>\n<\/div>\n<\/div><\/div>\n<\/div>\n<\/div><\/div>\n\n\n\n<div id=\"wp-block-themeisle-blocks-advanced-columns-3da2e6d3\" class=\"wp-block-themeisle-blocks-advanced-columns alignfull has-1-columns has-desktop-equal-layout has-tablet-equal-layout has-mobile-collapsedRows-layout has-vertical-center ticss-c00aadba\"><div class=\"wp-block-themeisle-blocks-advanced-columns-overlay\"><\/div><div class=\"innerblocks-wrap\">\n<div id=\"wp-block-themeisle-blocks-advanced-column-b9c6d9bf\" class=\"wp-block-themeisle-blocks-advanced-column\">\n<div id=\"wp-block-themeisle-blocks-advanced-columns-eeb67561\" class=\"wp-block-themeisle-blocks-advanced-columns has-1-columns has-desktop-equal-layout has-tablet-equal-layout has-mobile-equal-layout has-vertical-center\"><div class=\"wp-block-themeisle-blocks-advanced-columns-overlay\"><\/div><div class=\"innerblocks-wrap\">\n<div id=\"wp-block-themeisle-blocks-advanced-column-fd1f1db7\" class=\"wp-block-themeisle-blocks-advanced-column\">\n<h2 id=\"wp-block-themeisle-blocks-advanced-heading-d4be654a\" class=\"wp-block-themeisle-blocks-advanced-heading wp-block-themeisle-blocks-advanced-heading-d4be654a\"><strong>Jak m\u016f\u017eete pomoci?<\/strong><\/h2>\n\n\n\n<p class=\"has-text-align-center\" style=\"font-size:24px\">Vyberte si jednu z aktivn\u00edch adresn\u00fdch sb\u00edrek, zva\u017ete finan\u010dn\u00ed dar spolku nebo zvolte pravidelnou m\u011bs\u00ed\u010dn\u00ed podporu. <strong>Va\u0161e pomoc doslova zachra\u0148uje \u017eivoty<\/strong> &#8211; na front\u011b i v t\u00fdlu.<\/p>\n<\/div>\n<\/div><\/div>\n<\/div>\n<\/div><\/div>\n\n\n\n<div id=\"wp-block-themeisle-blocks-advanced-columns-3f289e69\" class=\"wp-block-themeisle-blocks-advanced-columns alignfull has-3-columns has-desktop-equal-layout has-tablet-equal-layout has-mobile-collapsedRows-layout has-vertical-bottom ticss-c00aadba\"><div class=\"wp-block-themeisle-blocks-advanced-columns-overlay\"><\/div><div class=\"innerblocks-wrap\">\n<div id=\"wp-block-themeisle-blocks-advanced-column-1c9d10d7\" class=\"wp-block-themeisle-blocks-advanced-column\"><div class=\"wp-block-image\">\n<figure class=\"aligncenter size-full\"><img loading=\"lazy\" decoding=\"async\" width=\"286\" height=\"130\" src=\"https:\/\/ceska-stopa.eu\/wp-content\/uploads\/2025\/12\/Ceska-stopa-logo-donio-2.png\" alt=\"\" class=\"wp-image-754\"\/><\/figure>\n<\/div>\n\n\n<p class=\"has-text-align-center\">Na na\u0161em profilu si m\u016f\u017eete podpo\u0159it <strong>aktivn\u00ed sb\u00edrku<\/strong> a sledovat, jak se da\u0159\u00ed prost\u0159edky vyb\u00edrat.<\/p>\n\n\n\n<div id=\"wp-block-themeisle-blocks-button-group-36af92e4\" class=\"wp-block-themeisle-blocks-button-group wp-block-buttons align-center-desktop\">\n<div id=\"wp-block-themeisle-blocks-button-91733cb7\" class=\"wp-block-themeisle-blocks-button wp-block-button\"><a href=\"https:\/\/donio.cz\/ceskastopaprofil\" target=\"_blank\" rel=\"noopener noreferrer\" class=\"wp-block-button__link\"><span><strong>STOPA na Donio<\/strong><\/span><\/a><\/div>\n<\/div>\n<\/div>\n\n\n\n<div id=\"wp-block-themeisle-blocks-advanced-column-8a3ecd72\" class=\"wp-block-themeisle-blocks-advanced-column\"><div class=\"wp-block-image\">\n<figure class=\"aligncenter size-full is-resized\"><img loading=\"lazy\" decoding=\"async\" width=\"612\" height=\"612\" src=\"https:\/\/ceska-stopa.eu\/wp-content\/uploads\/2025\/12\/Ceska-stopa-logo-QR-code.jpg\" alt=\"\" class=\"wp-image-741\" style=\"width:auto;height:240px\" srcset=\"https:\/\/ceska-stopa.eu\/wp-content\/uploads\/2025\/12\/Ceska-stopa-logo-QR-code.jpg 612w, https:\/\/ceska-stopa.eu\/wp-content\/uploads\/2025\/12\/Ceska-stopa-logo-QR-code-300x300.jpg 300w, https:\/\/ceska-stopa.eu\/wp-content\/uploads\/2025\/12\/Ceska-stopa-logo-QR-code-150x150.jpg 150w\" sizes=\"auto, (max-width: 612px) 100vw, 612px\" \/><\/figure>\n<\/div>\n\n\n<p class=\"has-text-align-center\">P\u0159\u00edjem finan\u010dn\u00edch dar\u016f na transparentn\u00ed \u00fa\u010det lze prov\u00e9st platbou p\u0159es&nbsp;<strong>QR k\u00f3d<\/strong>&nbsp;v CZK nebo EUR.<\/p>\n\n\n\n<div id=\"wp-block-themeisle-blocks-button-group-1b24165c\" class=\"wp-block-themeisle-blocks-button-group wp-block-buttons align-center-desktop\">\n<div id=\"wp-block-themeisle-blocks-button-4d520400\" class=\"wp-block-themeisle-blocks-button wp-block-button\"><a href=\".\/..\/financni-dary\/\" target=\"_blank\" rel=\"noopener noreferrer\" class=\"wp-block-button__link\"><span><strong>Transparentn\u00ed \u00da\u010cTY<\/strong><\/span><\/a><\/div>\n<\/div>\n<\/div>\n\n\n\n<div id=\"wp-block-themeisle-blocks-advanced-column-5d39c43d\" class=\"wp-block-themeisle-blocks-advanced-column\"><div class=\"wp-block-image\">\n<figure class=\"aligncenter size-full is-resized\"><img loading=\"lazy\" decoding=\"async\" width=\"800\" height=\"600\" src=\"https:\/\/ceska-stopa.eu\/wp-content\/uploads\/2025\/12\/Ceska-stopa-logo-Stripe-2.png\" alt=\"\" class=\"wp-image-739\" style=\"width:260px\" srcset=\"https:\/\/ceska-stopa.eu\/wp-content\/uploads\/2025\/12\/Ceska-stopa-logo-Stripe-2.png 800w, https:\/\/ceska-stopa.eu\/wp-content\/uploads\/2025\/12\/Ceska-stopa-logo-Stripe-2-300x225.png 300w, https:\/\/ceska-stopa.eu\/wp-content\/uploads\/2025\/12\/Ceska-stopa-logo-Stripe-2-768x576.png 768w\" sizes=\"auto, (max-width: 800px) 100vw, 800px\" \/><\/figure>\n<\/div>\n\n\n<p class=\"has-text-align-center\">K jednor\u00e1zov\u00e9 podpo\u0159e na\u0161ich dlouhodob\u00fdch projekt\u016f m\u016f\u017eete vyu\u017e\u00edt platbu kartou.<\/p>\n\n\n\n<div id=\"wp-block-themeisle-blocks-button-group-e472567e\" class=\"wp-block-themeisle-blocks-button-group wp-block-buttons align-center-desktop\">\n<div id=\"wp-block-themeisle-blocks-button-faca703b\" class=\"wp-block-themeisle-blocks-button wp-block-button\"><a href=\"https:\/\/buy.stripe.com\/dRmdRadTlbQd9v4g8R7wA01\" target=\"_blank\" rel=\"noopener noreferrer\" class=\"wp-block-button__link\"><span><strong>STOPA na Stripe<\/strong><\/span><\/a><\/div>\n<\/div>\n<\/div>\n<\/div><\/div>\n","protected":false},"excerpt":{"rendered":"","protected":false},"author":10,"featured_media":0,"parent":0,"menu_order":0,"comment_status":"closed","ping_status":"closed","template":"","meta":{"_seopress_robots_primary_cat":"","_seopress_titles_title":"","_seopress_titles_desc":"","_seopress_robots_index":"","ngg_post_thumbnail":0,"_themeisle_gutenberg_block_has_review":false,"footnotes":""},"class_list":["post-556","page","type-page","status-publish"],"_links":{"self":[{"href":"https:\/\/ceska-stopa.eu\/en\/wp-json\/wp\/v2\/pages\/556","targetHints":{"allow":["GET"]}}],"collection":[{"href":"https:\/\/ceska-stopa.eu\/en\/wp-json\/wp\/v2\/pages"}],"about":[{"href":"https:\/\/ceska-stopa.eu\/en\/wp-json\/wp\/v2\/types\/page"}],"author":[{"embeddable":true,"href":"https:\/\/ceska-stopa.eu\/en\/wp-json\/wp\/v2\/users\/10"}],"replies":[{"embeddable":true,"href":"https:\/\/ceska-stopa.eu\/en\/wp-json\/wp\/v2\/comments?post=556"}],"version-history":[{"count":29,"href":"https:\/\/ceska-stopa.eu\/en\/wp-json\/wp\/v2\/pages\/556\/revisions"}],"predecessor-version":[{"id":1388,"href":"https:\/\/ceska-stopa.eu\/en\/wp-json\/wp\/v2\/pages\/556\/revisions\/1388"}],"wp:attachment":[{"href":"https:\/\/ceska-stopa.eu\/en\/wp-json\/wp\/v2\/media?parent=556"}],"curies":[{"name":"wp","href":"https:\/\/api.w.org\/{rel}","templated":true}]}}