{"id":716,"date":"2025-09-01T17:27:56","date_gmt":"2025-09-01T15:27:56","guid":{"rendered":"https:\/\/ceska-stopa.eu\/cs\/?page_id=716"},"modified":"2025-12-29T17:15:25","modified_gmt":"2025-12-29T16:15:25","slug":"financni-dary","status":"publish","type":"page","link":"https:\/\/ceska-stopa.eu\/en\/financni-dary\/","title":{"rendered":"Finan\u010dn\u00ed dary"},"content":{"rendered":"\n<p>Jsme neziskov\u00e1 iniciativa, kter\u00e1 se zam\u011b\u0159uje na <strong>konkr\u00e9tn\u00ed a adresnou pomoc lidem na Ukrajin\u011b<\/strong> \u2013 civilist\u016fm i voj\u00e1k\u016fm. Na\u0161e pomoc zahrnuje dod\u00e1vky zdravotn\u00edho materi\u00e1lu, stavebn\u00edho materi\u00e1lu, krmiva pro zv\u00ed\u0159ata, termovizory, sanitky a dal\u0161\u00ed. V\u017edy v\u00edme, komu konkr\u00e9tn\u011b pom\u00e1h\u00e1me a pro\u010d. <\/p>\n\n\n\n<p><a href=\"https:\/\/donio.cz\/ceskastopaprofil\" target=\"_blank\" rel=\"noreferrer noopener\">\u010cesk\u00e1 stopa z.s. | Donio<\/a><\/p>\n\n\n\n<hr class=\"wp-block-separator has-alpha-channel-opacity\"\/>\n\n\n\n<h3 class=\"wp-block-heading\"><strong>Jak m\u016f\u017eete pomoci<\/strong><\/h3>\n\n\n\n<p><strong>\u010c\u00edslo \u00fa\u010dtu pro finan\u010dn\u00ed dary:<\/strong><br><\/p>\n\n\n\n<p><\/p>\n\n\n\n<div class=\"wp-block-columns is-layout-flex wp-container-core-columns-is-layout-9d6595d7 wp-block-columns-is-layout-flex\">\n<div class=\"wp-block-column is-layout-flow wp-block-column-is-layout-flow\">\n<p><strong>transparentn\u00ed \u00fa\u010det ( CZK )<\/strong><\/p>\n\n\n\n<p>IBAN: CZ35 2010 0000 0021 0269 6298<\/p>\n\n\n\n<p>BIC\/SWIFT: FIOBCZPPXXX<\/p>\n\n\n\n<p><a href=\"https:\/\/ib.fio.cz\/ib\/transparent?a=2102696298\">2102696298 \/ 2010<\/a><\/p>\n\n\n\n<figure class=\"wp-block-image is-resized\"><img loading=\"lazy\" decoding=\"async\" width=\"350\" height=\"350\" src=\"https:\/\/ceska-stopa.eu\/wp-content\/uploads\/2023\/10\/QRPlatba_na_ucet_2102696298.png\" alt=\"2102696298 \/ 2010 czk\" class=\"wp-image-223\" style=\"width:202px;height:auto\" srcset=\"https:\/\/ceska-stopa.eu\/wp-content\/uploads\/2023\/10\/QRPlatba_na_ucet_2102696298.png 350w, https:\/\/ceska-stopa.eu\/wp-content\/uploads\/2023\/10\/QRPlatba_na_ucet_2102696298-300x300.png 300w, https:\/\/ceska-stopa.eu\/wp-content\/uploads\/2023\/10\/QRPlatba_na_ucet_2102696298-150x150.png 150w\" sizes=\"auto, (max-width: 350px) 100vw, 350px\" \/><\/figure>\n<\/div>\n\n\n\n<div class=\"wp-block-column is-layout-flow wp-block-column-is-layout-flow\">\n<p><strong>transparentn\u00ed \u00fa\u010det ( EUR )<\/strong><\/p>\n\n\n\n<p>IBAN: CZ78 2010 0000 0021 0269 6300<\/p>\n\n\n\n<p>BIC\/SWIFT: FIOBCZPPXXX<\/p>\n\n\n\n<p><a href=\"https:\/\/ib.fio.cz\/ib\/transparent?a=2102696300\">2102696300 \/ 2010<\/a><\/p>\n\n\n\n<figure class=\"wp-block-image is-resized\"><img loading=\"lazy\" decoding=\"async\" width=\"350\" height=\"350\" src=\"https:\/\/ceska-stopa.eu\/wp-content\/uploads\/2023\/10\/QRPlatba_na_ucet_2102696300.png\" alt=\"2102696300\/2010 EUR\" class=\"wp-image-224\" style=\"width:178px;height:auto\" srcset=\"https:\/\/ceska-stopa.eu\/wp-content\/uploads\/2023\/10\/QRPlatba_na_ucet_2102696300.png 350w, https:\/\/ceska-stopa.eu\/wp-content\/uploads\/2023\/10\/QRPlatba_na_ucet_2102696300-300x300.png 300w, https:\/\/ceska-stopa.eu\/wp-content\/uploads\/2023\/10\/QRPlatba_na_ucet_2102696300-150x150.png 150w\" sizes=\"auto, (max-width: 350px) 100vw, 350px\" \/><\/figure>\n<\/div>\n<\/div>\n\n\n\n<hr class=\"wp-block-separator has-alpha-channel-opacity\"\/>\n\n\n\n<h3 class=\"wp-block-heading\"><strong>Popis \u010dinnosti a dopad<\/strong><\/h3>\n\n\n\n<p>D\u00edky va\u0161im dar\u016fm jsme realizovali nap\u0159\u00edklad:<\/p>\n\n\n\n<ul class=\"wp-block-list\">\n<li>Dod\u00e1vky zdravotn\u00edho materi\u00e1lu do nemocnic a azylov\u00fdch dom\u016f <a href=\"https:\/\/donio.cz\/at-nemusi-amputovat\">A\u0165 nemus\u00ed amputovat&#8230; | Donio<\/a><\/li>\n\n\n\n<li>Z\u00e1silky \u010desk\u00fdm voj\u00e1k\u016fm <a href=\"https:\/\/donio.cz\/drony-pro-radoucha\" data-type=\"link\" data-id=\"https:\/\/donio.cz\/drony-pro-radoucha\" target=\"_blank\" rel=\"noreferrer noopener\">Radouch<\/a>, <a href=\"https:\/\/donio.cz\/arisovy-poletuchy\" target=\"_blank\" rel=\"noreferrer noopener\">Arisu<\/a> <\/li>\n\n\n\n<li>Podporu formou termovizor\u016f, noktovizor\u016f a dal\u0161\u00ed techniky, nap\u0159. pro <a href=\"https:\/\/donio.cz\/escanor-a-jeho-kolumbijci\" data-type=\"link\" data-id=\"https:\/\/donio.cz\/escanor-a-jeho-kolumbijci\">Santu<\/a>,  sanitky a dal\u0161\u00ed logistick\u00e9 v\u00fdpomoci odpov\u00eddaj\u00edc\u00ed moment\u00e1ln\u00edm pot\u0159eb\u00e1m, nap\u0159. 3D tisk\u00e1ren a filamentu<a href=\"https:\/\/ceska-stopa.eu\/cs\/?utm_source=chatgpt.com\" target=\"_blank\" rel=\"noreferrer noopener\"><\/a><a href=\"https:\/\/donio.cz\/3d-tiskarny-pro-ukrajinske-vojaky\"> Pomohli jste p\u0159isp\u011bt na 3D tisk\u00e1rny pro ukrajinsk\u00e9 voj\u00e1ky | Donio<\/a>, realizovali jsme nap\u0159. i spolu s partnery dod\u00e1vku Leteck\u00e9ho simul\u00e1toru F-16 <a href=\"https:\/\/donio.cz\/simulator-f16-pro-ukrajinu\">Pomohli jste s po\u0159\u00edzen\u00edm leteck\u00e9ho simul\u00e1toru | Donio<\/a> <\/li>\n<\/ul>\n\n\n\n<p>Na\u0161e pomoc je <strong>p\u0159\u00edm\u00e1, efektivn\u00ed a c\u00edlen\u00e1<\/strong>. V\u017edy v\u00edte, \u017ee va\u0161e pomoc sm\u011b\u0159uje tam, kde je nejv\u00edce pot\u0159eba.<\/p>\n\n\n\n<hr class=\"wp-block-separator has-alpha-channel-opacity\"\/>\n\n\n\n<h3 class=\"wp-block-heading\"><strong>D\u011bkujeme za podporu. Spole\u010dn\u011b d\u011bl\u00e1me rozd\u00edl.<\/strong><\/h3>\n","protected":false},"excerpt":{"rendered":"<p>Jsme neziskov\u00e1 iniciativa, kter\u00e1 se zam\u011b\u0159uje na konkr\u00e9tn\u00ed a adresnou pomoc lidem na Ukrajin\u011b \u2013 civilist\u016fm i voj\u00e1k\u016fm. Na\u0161e pomoc zahrnuje dod\u00e1vky zdravotn\u00edho materi\u00e1lu, stavebn\u00edho materi\u00e1lu, krmiva pro zv\u00ed\u0159ata, termovizory, sanitky a dal\u0161\u00ed. V\u017edy v\u00edme, komu konkr\u00e9tn\u011b pom\u00e1h\u00e1me a pro\u010d. \u010cesk\u00e1 stopa z.s. | Donio Jak m\u016f\u017eete pomoci \u010c\u00edslo \u00fa\u010dtu pro finan\u010dn\u00ed dary: transparentn\u00ed \u00fa\u010det &#8230; <a title=\"Finan\u010dn\u00ed dary\" class=\"read-more\" href=\"https:\/\/ceska-stopa.eu\/en\/financni-dary\/\" aria-label=\"Read more about Finan\u010dn\u00ed dary\">Read more<\/a><\/p>\n","protected":false},"author":1,"featured_media":0,"parent":0,"menu_order":0,"comment_status":"closed","ping_status":"closed","template":"","meta":{"_seopress_robots_primary_cat":"","_seopress_titles_title":"","_seopress_titles_desc":"","_seopress_robots_index":"","ngg_post_thumbnail":0,"_themeisle_gutenberg_block_has_review":false,"footnotes":""},"class_list":["post-716","page","type-page","status-publish"],"_links":{"self":[{"href":"https:\/\/ceska-stopa.eu\/en\/wp-json\/wp\/v2\/pages\/716","targetHints":{"allow":["GET"]}}],"collection":[{"href":"https:\/\/ceska-stopa.eu\/en\/wp-json\/wp\/v2\/pages"}],"about":[{"href":"https:\/\/ceska-stopa.eu\/en\/wp-json\/wp\/v2\/types\/page"}],"author":[{"embeddable":true,"href":"https:\/\/ceska-stopa.eu\/en\/wp-json\/wp\/v2\/users\/1"}],"replies":[{"embeddable":true,"href":"https:\/\/ceska-stopa.eu\/en\/wp-json\/wp\/v2\/comments?post=716"}],"version-history":[{"count":5,"href":"https:\/\/ceska-stopa.eu\/en\/wp-json\/wp\/v2\/pages\/716\/revisions"}],"predecessor-version":[{"id":1034,"href":"https:\/\/ceska-stopa.eu\/en\/wp-json\/wp\/v2\/pages\/716\/revisions\/1034"}],"wp:attachment":[{"href":"https:\/\/ceska-stopa.eu\/en\/wp-json\/wp\/v2\/media?parent=716"}],"curies":[{"name":"wp","href":"https:\/\/api.w.org\/{rel}","templated":true}]}}